{"id":855,"date":"2023-03-05T18:01:17","date_gmt":"2023-03-05T18:01:17","guid":{"rendered":"https:\/\/delamweby.online\/?page_id=855"},"modified":"2026-01-21T11:29:00","modified_gmt":"2026-01-21T10:29:00","slug":"kontakt","status":"publish","type":"page","link":"https:\/\/nkz.studio\/en\/kontakt\/","title":{"rendered":"Contact"},"content":{"rendered":"\t\t<div data-elementor-type=\"wp-page\" data-elementor-id=\"855\" class=\"elementor elementor-855\" data-elementor-post-type=\"page\">\n\t\t\t\t<div class=\"elementor-element elementor-element-381cda1 e-flex e-con-boxed e-con e-parent\" data-id=\"381cda1\" data-element_type=\"container\" data-e-type=\"container\">\n\t\t\t\t\t<div class=\"e-con-inner\">\n\t\t\t\t<div class=\"elementor-element elementor-element-0265c0d elementor-widget elementor-widget-heading\" data-id=\"0265c0d\" data-element_type=\"widget\" data-e-type=\"widget\" data-widget_type=\"heading.default\">\n\t\t\t\t\t<h1 class=\"elementor-heading-title elementor-size-default\">Pot\u0159ebujete web, vizu\u00e1ln\u00ed identitu nebo pomoc s\u00a0firmou? Jsme p\u0159ipraveni nakopnout i v\u00e1\u0161 projekt.<\/h1>\t\t\t\t<\/div>\n\t\t\t\t\t<\/div>\n\t\t\t\t<\/div>\n\t\t<div class=\"elementor-element elementor-element-d1b7891 e-con-full e-flex e-con e-parent\" data-id=\"d1b7891\" data-element_type=\"container\" data-e-type=\"container\">\n\t\t\t\t<div class=\"elementor-element elementor-element-71796ff elementor-widget elementor-widget-image\" data-id=\"71796ff\" data-element_type=\"widget\" data-e-type=\"widget\" data-widget_type=\"image.default\">\n\t\t\t\t\t\t\t\t\t\t\t\t\t\t\t<img fetchpriority=\"high\" decoding=\"async\" width=\"1600\" height=\"1066\" src=\"https:\/\/nkz.studio\/wp-content\/uploads\/2025\/03\/brno-jedna.jpeg\" class=\"attachment-full size-full wp-image-6378\" alt=\"\" srcset=\"https:\/\/nkz.studio\/wp-content\/uploads\/2025\/03\/brno-jedna.jpeg 1600w, https:\/\/nkz.studio\/wp-content\/uploads\/2025\/03\/brno-jedna-300x200.jpeg 300w, https:\/\/nkz.studio\/wp-content\/uploads\/2025\/03\/brno-jedna-1024x682.jpeg 1024w, https:\/\/nkz.studio\/wp-content\/uploads\/2025\/03\/brno-jedna-768x512.jpeg 768w, https:\/\/nkz.studio\/wp-content\/uploads\/2025\/03\/brno-jedna-1536x1023.jpeg 1536w, https:\/\/nkz.studio\/wp-content\/uploads\/2025\/03\/brno-jedna-18x12.jpeg 18w\" sizes=\"(max-width: 1600px) 100vw, 1600px\" title=\"\">\t\t\t\t\t\t\t\t\t\t\t\t\t\t\t<\/div>\n\t\t\t\t<\/div>\n\t\t<div class=\"elementor-element elementor-element-58bdc67 e-flex e-con-boxed e-con e-parent\" data-id=\"58bdc67\" data-element_type=\"container\" data-e-type=\"container\">\n\t\t\t\t\t<div class=\"e-con-inner\">\n\t\t<div class=\"elementor-element elementor-element-2c1fb89 e-con-full e-flex e-con e-child\" data-id=\"2c1fb89\" data-element_type=\"container\" data-e-type=\"container\">\n\t\t\t\t<div class=\"elementor-element elementor-element-a24075a elementor-widget elementor-widget-heading\" data-id=\"a24075a\" data-element_type=\"widget\" data-e-type=\"widget\" data-widget_type=\"heading.default\">\n\t\t\t\t\t<p class=\"elementor-heading-title elementor-size-default\">Potkejme se<\/p>\t\t\t\t<\/div>\n\t\t\t\t<\/div>\n\t\t<div class=\"elementor-element elementor-element-e382aed e-con-full e-flex e-con e-child\" data-id=\"e382aed\" data-element_type=\"container\" data-e-type=\"container\">\n\t\t\t\t<div class=\"elementor-element elementor-element-3e52715 elementor-widget elementor-widget-heading\" data-id=\"3e52715\" data-element_type=\"widget\" data-e-type=\"widget\" data-widget_type=\"heading.default\">\n\t\t\t\t\t<h2 class=\"elementor-heading-title elementor-size-default\">Brno, Ostrava, Praha, Hav\u00ed\u0159ov\u2026 klidn\u011b i jinde. P\u0159ijedeme za v\u00e1mi, a kdy\u017e to ned\u00e1v\u00e1 smysl, zvl\u00e1dneme v\u0161echno online.<\/h2>\t\t\t\t<\/div>\n\t\t\t\t<\/div>\n\t\t\t\t\t<\/div>\n\t\t\t\t<\/div>\n\t\t<div class=\"elementor-element elementor-element-6639ab3 e-flex e-con-boxed e-con e-parent\" data-id=\"6639ab3\" data-element_type=\"container\" data-e-type=\"container\">\n\t\t\t\t\t<div class=\"e-con-inner\">\n\t\t<div class=\"elementor-element elementor-element-1aa81a6 e-con-full e-flex e-con e-child\" data-id=\"1aa81a6\" data-element_type=\"container\" data-e-type=\"container\">\n\t\t\t\t<div class=\"elementor-element elementor-element-4a47386 elementor-widget elementor-widget-heading\" data-id=\"4a47386\" data-element_type=\"widget\" data-e-type=\"widget\" data-widget_type=\"heading.default\">\n\t\t\t\t\t<p class=\"elementor-heading-title elementor-size-default\">studio<\/p>\t\t\t\t<\/div>\n\t\t\t\t<\/div>\n\t\t<div class=\"elementor-element elementor-element-21b2c6e e-con-full e-flex e-con e-child\" data-id=\"21b2c6e\" data-element_type=\"container\" data-e-type=\"container\">\n\t\t\t\t<div class=\"elementor-element elementor-element-f302378 elementor-widget elementor-widget-text-editor\" data-id=\"f302378\" data-element_type=\"widget\" data-e-type=\"widget\" data-widget_type=\"text-editor.default\">\n\t\t\t\t\t\t\t\t\t<p>V\u011bt\u0161inou pracujeme remote. Ale kdy\u017e n\u00e1s chcete chytit na\u017eivo, najdete n\u00e1s ve studiu na ulici <a href=\"https:\/\/maps.app.goo.gl\/KetkwfS6KLXNpiw89\" target=\"_blank\" rel=\"noopener\"><span style=\"text-decoration: underline;\">Plyn\u00e1rensk\u00e1 1<\/span><\/a> v komplexu Brno Jedna. R\u00e1di v\u00e1s uvid\u00edme!<\/p>\t\t\t\t\t\t\t\t<\/div>\n\t\t\t\t<\/div>\n\t\t\t\t\t<\/div>\n\t\t\t\t<\/div>\n\t\t<div class=\"elementor-element elementor-element-85223d5 e-flex e-con-boxed e-con e-parent\" data-id=\"85223d5\" data-element_type=\"container\" data-e-type=\"container\">\n\t\t\t\t\t<div class=\"e-con-inner\">\n\t\t\t\t<div class=\"elementor-element elementor-element-5e7ff35 elementor-widget elementor-widget-google_maps\" data-id=\"5e7ff35\" data-element_type=\"widget\" data-e-type=\"widget\" data-widget_type=\"google_maps.default\">\n\t\t\t\t\t\t\t<div class=\"elementor-custom-embed\">\n\t\t\t<iframe loading=\"lazy\"\n\t\t\t\t\tsrc=\"https:\/\/maps.google.com\/maps?q=nkz.studio%20&#038;t=m&#038;z=15&#038;output=embed&#038;iwloc=near\"\n\t\t\t\t\ttitle=\"nkz.studio \"\n\t\t\t\t\taria-label=\"nkz.studio \"\n\t\t\t><\/iframe>\n\t\t<\/div>\n\t\t\t\t\t\t<\/div>\n\t\t\t\t\t<\/div>\n\t\t\t\t<\/div>\n\t\t<div class=\"elementor-element elementor-element-8542857 e-flex e-con-boxed e-con e-parent\" data-id=\"8542857\" data-element_type=\"container\" data-e-type=\"container\">\n\t\t\t\t\t<div class=\"e-con-inner\">\n\t\t<div class=\"elementor-element elementor-element-c776c5c e-con-full e-flex e-con e-child\" data-id=\"c776c5c\" data-element_type=\"container\" data-e-type=\"container\">\n\t\t\t\t<div class=\"elementor-element elementor-element-6c310e5 elementor-widget elementor-widget-heading\" data-id=\"6c310e5\" data-element_type=\"widget\" data-e-type=\"widget\" data-widget_type=\"heading.default\">\n\t\t\t\t\t<p class=\"elementor-heading-title elementor-size-default\">Pi\u0161te n\u00e1m<\/p>\t\t\t\t<\/div>\n\t\t\t\t<\/div>\n\t\t<div class=\"elementor-element elementor-element-39d0992 e-con-full e-flex e-con e-child\" data-id=\"39d0992\" data-element_type=\"container\" data-e-type=\"container\">\n\t\t\t\t<div class=\"elementor-element elementor-element-9494278 elementor-widget elementor-widget-text-editor\" data-id=\"9494278\" data-element_type=\"widget\" data-e-type=\"widget\" data-widget_type=\"text-editor.default\">\n\t\t\t\t\t\t\t\t\t<h3>Bu\u010f na e-mail <span style=\"text-decoration: underline;\"><a href=\"mailto:ahoj@nkz.studio\">ahoj@nkz.studio<\/a><br \/><\/span>nebo volejte na \u010d\u00edslo <span style=\"text-decoration: underline;\"><a href=\"tel:+420%20703%20986%20597\"><span class=\"elementor-icon-list-text\">+420 703 986 597<\/span><\/a><\/span><\/h3>\t\t\t\t\t\t\t\t<\/div>\n\t\t\t\t<\/div>\n\t\t\t\t\t<\/div>\n\t\t\t\t<\/div>\n\t\t<div class=\"elementor-element elementor-element-7c785e2e e-flex e-con-boxed e-con e-parent\" data-id=\"7c785e2e\" data-element_type=\"container\" data-e-type=\"container\">\n\t\t\t\t\t<div class=\"e-con-inner\">\n\t\t<div class=\"elementor-element elementor-element-5e46412a e-con-full e-flex e-con e-child\" data-id=\"5e46412a\" data-element_type=\"container\" data-e-type=\"container\">\n\t\t<div class=\"elementor-element elementor-element-46ad4a33 e-con-full e-flex e-con e-child\" data-id=\"46ad4a33\" data-element_type=\"container\" data-e-type=\"container\">\n\t\t\t\t<div class=\"elementor-element elementor-element-18d0401 elementor-widget elementor-widget-heading\" data-id=\"18d0401\" data-element_type=\"widget\" data-e-type=\"widget\" data-widget_type=\"heading.default\">\n\t\t\t\t\t<p class=\"elementor-heading-title elementor-size-default\">Nebo vypl\u0148te formul\u00e1\u0159 <\/p>\t\t\t\t<\/div>\n\t\t\t\t<\/div>\n\t\t<div class=\"elementor-element elementor-element-15866a9c e-con-full e-flex e-con e-child\" data-id=\"15866a9c\" data-element_type=\"container\" data-e-type=\"container\">\n\t\t\t\t<div class=\"elementor-element elementor-element-06f6ac7 elementor-icon-list--layout-inline elementor-align-start elementor-list-item-link-full_width elementor-widget elementor-widget-icon-list\" data-id=\"06f6ac7\" data-element_type=\"widget\" data-e-type=\"widget\" data-widget_type=\"icon-list.default\">\n\t\t\t\t\t\t\t<ul class=\"elementor-icon-list-items elementor-inline-items\">\n\t\t\t\t\t\t\t<li class=\"elementor-icon-list-item elementor-inline-item\">\n\t\t\t\t\t\t\t\t\t\t\t<span class=\"elementor-icon-list-icon\">\n\t\t\t\t\t\t\t<i aria-hidden=\"true\" class=\"fas fa-check\"><\/i>\t\t\t\t\t\t<\/span>\n\t\t\t\t\t\t\t\t\t\t<span class=\"elementor-icon-list-text\">Nezavazujete se k ni\u010demu<\/span>\n\t\t\t\t\t\t\t\t\t<\/li>\n\t\t\t\t\t\t\t\t<li class=\"elementor-icon-list-item elementor-inline-item\">\n\t\t\t\t\t\t\t\t\t\t\t<span class=\"elementor-icon-list-icon\">\n\t\t\t\t\t\t\t<i aria-hidden=\"true\" class=\"fas fa-check\"><\/i>\t\t\t\t\t\t<\/span>\n\t\t\t\t\t\t\t\t\t\t<span class=\"elementor-icon-list-text\">Ozveme se v\u00e1m do 24 hodin<\/span>\n\t\t\t\t\t\t\t\t\t<\/li>\n\t\t\t\t\t\t\t\t<li class=\"elementor-icon-list-item elementor-inline-item\">\n\t\t\t\t\t\t\t\t\t\t\t<span class=\"elementor-icon-list-icon\">\n\t\t\t\t\t\t\t<i aria-hidden=\"true\" class=\"fas fa-check\"><\/i>\t\t\t\t\t\t<\/span>\n\t\t\t\t\t\t\t\t\t\t<span class=\"elementor-icon-list-text\">Domluv\u00edme term\u00edn konzultace (online\/osobn\u011b)<\/span>\n\t\t\t\t\t\t\t\t\t<\/li>\n\t\t\t\t\t\t\t\t<li class=\"elementor-icon-list-item elementor-inline-item\">\n\t\t\t\t\t\t\t\t\t\t\t<span class=\"elementor-icon-list-icon\">\n\t\t\t\t\t\t\t<i aria-hidden=\"true\" class=\"fas fa-check\"><\/i>\t\t\t\t\t\t<\/span>\n\t\t\t\t\t\t\t\t\t\t<span class=\"elementor-icon-list-text\">Spole\u010dn\u011b probereme v\u00e1\u0161 projekt a mo\u017enosti<\/span>\n\t\t\t\t\t\t\t\t\t<\/li>\n\t\t\t\t\t\t<\/ul>\n\t\t\t\t\t\t<\/div>\n\t\t\t\t<div class=\"elementor-element elementor-element-76db16d2 elementor-button-align-start elementor-mobile-button-align-center elementor-widget elementor-widget-form\" data-id=\"76db16d2\" data-element_type=\"widget\" data-e-type=\"widget\" data-settings=\"{&quot;step_next_label&quot;:&quot;Dal\\u0161\\u00ed&quot;,&quot;step_previous_label&quot;:&quot;P\\u0159edchoz\\u00ed&quot;,&quot;button_width&quot;:&quot;100&quot;,&quot;step_type&quot;:&quot;number_text&quot;,&quot;step_icon_shape&quot;:&quot;circle&quot;}\" data-widget_type=\"form.default\">\n\t\t\t\t\t\t\t<form class=\"elementor-form\" method=\"post\" name=\"Kontaktujte n\u00e1s\" aria-label=\"Kontaktujte n\u00e1s\">\n\t\t\t<input type=\"hidden\" name=\"post_id\" value=\"855\"\/>\n\t\t\t<input type=\"hidden\" name=\"form_id\" value=\"76db16d2\"\/>\n\t\t\t<input type=\"hidden\" name=\"referer_title\" value=\"Kontakt \u2013 jsme v Brn\u011b &bull; nkz.studio\" \/>\n\n\t\t\t\t\t\t\t<input type=\"hidden\" name=\"queried_id\" value=\"855\"\/>\n\t\t\t\n\t\t\t<div class=\"elementor-form-fields-wrapper elementor-labels-\">\n\t\t\t\t\t\t\t\t<div class=\"elementor-field-type-text elementor-field-group elementor-column elementor-field-group-name elementor-col-33\">\n\t\t\t\t\t\t\t\t\t\t\t\t<label for=\"form-field-name\" class=\"elementor-field-label elementor-screen-only\">\n\t\t\t\t\t\t\t\tJm\u00e9no\t\t\t\t\t\t\t<\/label>\n\t\t\t\t\t\t\t\t\t\t\t\t\t\t<input size=\"1\" type=\"text\" name=\"form_fields[name]\" id=\"form-field-name\" class=\"elementor-field elementor-size-sm  elementor-field-textual\" placeholder=\"Jm\u00e9no a p\u0159\u00edjmen\u00ed*\">\n\t\t\t\t\t\t\t\t\t\t\t<\/div>\n\t\t\t\t\t\t\t\t<div class=\"elementor-field-type-email elementor-field-group elementor-column elementor-field-group-email elementor-col-33 elementor-field-required\">\n\t\t\t\t\t\t\t\t\t\t\t\t<label for=\"form-field-email\" class=\"elementor-field-label elementor-screen-only\">\n\t\t\t\t\t\t\t\tE-mail*\t\t\t\t\t\t\t<\/label>\n\t\t\t\t\t\t\t\t\t\t\t\t\t\t<input size=\"1\" type=\"email\" name=\"form_fields[email]\" id=\"form-field-email\" class=\"elementor-field elementor-size-sm  elementor-field-textual\" placeholder=\"E-mail*\" required=\"required\">\n\t\t\t\t\t\t\t\t\t\t\t<\/div>\n\t\t\t\t\t\t\t\t<div class=\"elementor-field-type-tel elementor-field-group elementor-column elementor-field-group-field_f5f1e1b elementor-col-33\">\n\t\t\t\t\t\t\t\t\t\t\t\t<label for=\"form-field-field_f5f1e1b\" class=\"elementor-field-label elementor-screen-only\">\n\t\t\t\t\t\t\t\tTelefon\t\t\t\t\t\t\t<\/label>\n\t\t\t\t\t\t\t\t<input size=\"1\" type=\"tel\" name=\"form_fields[field_f5f1e1b]\" id=\"form-field-field_f5f1e1b\" class=\"elementor-field elementor-size-sm  elementor-field-textual\" placeholder=\"Telefon\" pattern=\"[0-9()#&amp;+*-=.]+\" title=\"Akceptov\u00e1ny jsou pouze \u010d\u00edsla a telefonn\u00ed znaky (#, -, * atd.).\">\n\n\t\t\t\t\t\t<\/div>\n\t\t\t\t\t\t\t\t<div class=\"elementor-field-type-textarea elementor-field-group elementor-column elementor-field-group-message elementor-col-100\">\n\t\t\t\t\t\t\t\t\t\t\t\t<label for=\"form-field-message\" class=\"elementor-field-label elementor-screen-only\">\n\t\t\t\t\t\t\t\tMessage\t\t\t\t\t\t\t<\/label>\n\t\t\t\t\t\t<textarea class=\"elementor-field-textual elementor-field  elementor-size-sm\" name=\"form_fields[message]\" id=\"form-field-message\" rows=\"4\" placeholder=\"Jak m\u016f\u017eeme pomoci?* \"><\/textarea>\t\t\t\t<\/div>\n\t\t\t\t\t\t\t\t<div class=\"elementor-field-type-recaptcha_v3 elementor-field-group elementor-column elementor-field-group-field_47bb785 elementor-col-100 recaptcha_v3-inline\">\n\t\t\t\t\t<div class=\"elementor-field\" id=\"form-field-field_47bb785\"><div class=\"elementor-g-recaptcha\" data-sitekey=\"6Lcr9E0nAAAAAH5pjVB16S7q25KdweC35NOJ74ON\" data-type=\"v3\" data-action=\"Form\" data-badge=\"inline\" data-size=\"invisible\"><\/div><\/div>\t\t\t\t<\/div>\n\t\t\t\t\t\t\t\t<div class=\"elementor-field-type-acceptance elementor-field-group elementor-column elementor-field-group-field_5aaf15f elementor-col-100\">\n\t\t\t\t\t\t\t<div class=\"elementor-field-subgroup\">\n\t\t\t<span class=\"elementor-field-option\">\n\t\t\t\t<input type=\"checkbox\" name=\"form_fields[field_5aaf15f]\" id=\"form-field-field_5aaf15f\" class=\"elementor-field elementor-size-sm  elementor-acceptance-field\">\n\t\t\t\t<label for=\"form-field-field_5aaf15f\">Souhlas\u00edm se <u><a href=\"https:\/\/nkz.studio\/zasady-ochrany-osobnich-udaju\/\" target=\"_blank\">Z\u00e1sady ochrany osobn\u00edch \u00fadaj\u016f GDPR<\/a><\/u>\n<\/label>\t\t\t<\/span>\n\t\t<\/div>\n\t\t\t\t\t\t<\/div>\n\t\t\t\t\t\t\t\t<div class=\"elementor-field-group elementor-column elementor-field-type-submit elementor-col-100 e-form__buttons\">\n\t\t\t\t\t<button class=\"elementor-button elementor-size-md\" type=\"submit\">\n\t\t\t\t\t\t<span class=\"elementor-button-content-wrapper\">\n\t\t\t\t\t\t\t\t\t\t\t\t\t\t\t\t\t\t\t\t\t\t<span class=\"elementor-button-text\">Odeslat<\/span>\n\t\t\t\t\t\t\t\t\t\t\t\t\t<\/span>\n\t\t\t\t\t<\/button>\n\t\t\t\t<\/div>\n\t\t\t<\/div>\n\t\t<\/form>\n\t\t\t\t\t\t<\/div>\n\t\t\t\t<\/div>\n\t\t\t\t<\/div>\n\t\t\t\t\t<\/div>\n\t\t\t\t<\/div>\n\t\t<div class=\"elementor-element elementor-element-3fcf799 e-flex e-con-boxed e-con e-parent\" data-id=\"3fcf799\" data-element_type=\"container\" data-e-type=\"container\">\n\t\t\t\t\t<div class=\"e-con-inner\">\n\t\t<div class=\"elementor-element elementor-element-3b8133d e-con-full e-flex e-con e-child\" data-id=\"3b8133d\" data-element_type=\"container\" data-e-type=\"container\">\n\t\t\t\t<div class=\"elementor-element elementor-element-bae9797 elementor-widget elementor-widget-heading\" data-id=\"bae9797\" data-element_type=\"widget\" data-e-type=\"widget\" data-widget_type=\"heading.default\">\n\t\t\t\t\t<p class=\"elementor-heading-title elementor-size-default\">Faktura\u010dn\u00ed \u00fadaje<\/p>\t\t\t\t<\/div>\n\t\t\t\t<\/div>\n\t\t<div class=\"elementor-element elementor-element-8529020 e-con-full e-flex e-con e-child\" data-id=\"8529020\" data-element_type=\"container\" data-e-type=\"container\">\n\t\t\t\t<div class=\"elementor-element elementor-element-479d10f elementor-widget elementor-widget-text-editor\" data-id=\"479d10f\" data-element_type=\"widget\" data-e-type=\"widget\" data-widget_type=\"text-editor.default\">\n\t\t\t\t\t\t\t\t\t<p><strong>NKZ s.r.o.<\/strong><br \/>Kurzova 2222\/16<br \/>Stod\u016flky (Praha 13)<br \/>155\u00a000 Praha<\/p><p>I\u010cO 19707550<br \/>DI\u010c CZ19707550 (jsme pl\u00e1tci DPH)<\/p><p>Datov\u00e1 schr\u00e1nka: 8hj8sra<br \/>\u010c\u00edslo \u00fa\u010dtu: 6536957369\/0800<\/p><p>Spole\u010dnost je vedena u\u00a0M\u011bstsk\u00e9ho soudu v\u00a0Praze, spisov\u00e1 zna\u010dka C 390455<\/p>\t\t\t\t\t\t\t\t<\/div>\n\t\t\t\t<\/div>\n\t\t\t\t\t<\/div>\n\t\t\t\t<\/div>\n\t\t<div class=\"elementor-element elementor-element-7acff6b e-con-full e-flex e-con e-parent\" data-id=\"7acff6b\" data-element_type=\"container\" data-e-type=\"container\" data-settings=\"{&quot;background_background&quot;:&quot;classic&quot;}\">\n\t\t<div class=\"elementor-element elementor-element-b2aef42 e-con-full e-flex e-con e-child\" data-id=\"b2aef42\" data-element_type=\"container\" data-e-type=\"container\">\n\t\t\t\t<div class=\"elementor-element elementor-element-bef48ce elementor-headline--style-rotate elementor-widget elementor-widget-animated-headline\" data-id=\"bef48ce\" data-element_type=\"widget\" data-e-type=\"widget\" data-settings=\"{&quot;headline_style&quot;:&quot;rotate&quot;,&quot;animation_type&quot;:&quot;flip&quot;,&quot;rotating_text&quot;:&quot;call?&quot;,&quot;loop&quot;:&quot;yes&quot;,&quot;rotate_iteration_delay&quot;:2500}\" data-widget_type=\"animated-headline.default\">\n\t\t\t\t\t\t\t<h2 class=\"elementor-headline elementor-headline-animation-type-flip\">\n\t\t\t\t\t<span class=\"elementor-headline-plain-text elementor-headline-text-wrapper\">Chcete s n\u00e1mi rovnou booknout <\/span>\n\t\t\t\t<span class=\"elementor-headline-dynamic-wrapper elementor-headline-text-wrapper\">\n\t\t\t\t\t<span class=\"elementor-headline-dynamic-text elementor-headline-text-active\">\n\t\t\t\tcall?\t\t\t<\/span>\n\t\t\t\t\t\t<\/span>\n\t\t\t\t<\/h2>\n\t\t\t\t\t\t<\/div>\n\t\t\t\t<div class=\"elementor-element elementor-element-6f56eac elementor-widget elementor-widget-text-editor\" data-id=\"6f56eac\" data-element_type=\"widget\" data-e-type=\"widget\" data-widget_type=\"text-editor.default\">\n\t\t\t\t\t\t\t\t\t<p>Poj\u010fme si zavolat a posunout va\u0161i firmu d\u00e1le.<\/p>\t\t\t\t\t\t\t\t<\/div>\n\t\t\t\t<div class=\"elementor-element elementor-element-045255a elementor-align-center elementor-mobile-align-center elementor-invisible elementor-widget elementor-widget-button\" data-id=\"045255a\" data-element_type=\"widget\" data-e-type=\"widget\" data-settings=\"{&quot;_animation&quot;:&quot;pulse&quot;}\" data-widget_type=\"button.default\">\n\t\t\t\t\t\t\t\t\t\t<a class=\"elementor-button elementor-button-link elementor-size-sm\" href=\"https:\/\/calendly.com\/nkzstudio\/30min\" target=\"_blank\" rel=\"noopener\">\n\t\t\t\t\t\t<span class=\"elementor-button-content-wrapper\">\n\t\t\t\t\t\t\t\t\t<span class=\"elementor-button-text\">Rezervovat konzultaci<\/span>\n\t\t\t\t\t<\/span>\n\t\t\t\t\t<\/a>\n\t\t\t\t\t\t\t\t<\/div>\n\t\t\t\t<\/div>\n\t\t\t\t<\/div>\n\t\t\t\t<\/div>\n\t\t","protected":false},"excerpt":{"rendered":"<p>Pot\u0159ebujete web, vizu\u00e1ln\u00ed identitu nebo pomoc s\u00a0firmou? Jsme p\u0159ipraveni nakopnout i v\u00e1\u0161 projekt. Potkejme se Brno, Ostrava, Praha, Hav\u00ed\u0159ov\u2026 klidn\u011b i jinde. P\u0159ijedeme za v\u00e1mi, a kdy\u017e to ned\u00e1v\u00e1 smysl, zvl\u00e1dneme v\u0161echno online. studio V\u011bt\u0161inou pracujeme remote. Ale kdy\u017e n\u00e1s chcete chytit na\u017eivo, najdete n\u00e1s ve studiu na ulici Plyn\u00e1rensk\u00e1 1 v komplexu Brno Jedna. [&hellip;]<\/p>\n","protected":false},"author":1,"featured_media":0,"parent":0,"menu_order":0,"comment_status":"closed","ping_status":"closed","template":"elementor_header_footer","meta":{"iawp_total_views":1193,"footnotes":""},"class_list":["post-855","page","type-page","status-publish","hentry"],"_links":{"self":[{"href":"https:\/\/nkz.studio\/en\/wp-json\/wp\/v2\/pages\/855","targetHints":{"allow":["GET"]}}],"collection":[{"href":"https:\/\/nkz.studio\/en\/wp-json\/wp\/v2\/pages"}],"about":[{"href":"https:\/\/nkz.studio\/en\/wp-json\/wp\/v2\/types\/page"}],"author":[{"embeddable":true,"href":"https:\/\/nkz.studio\/en\/wp-json\/wp\/v2\/users\/1"}],"replies":[{"embeddable":true,"href":"https:\/\/nkz.studio\/en\/wp-json\/wp\/v2\/comments?post=855"}],"version-history":[{"count":10,"href":"https:\/\/nkz.studio\/en\/wp-json\/wp\/v2\/pages\/855\/revisions"}],"predecessor-version":[{"id":6862,"href":"https:\/\/nkz.studio\/en\/wp-json\/wp\/v2\/pages\/855\/revisions\/6862"}],"wp:attachment":[{"href":"https:\/\/nkz.studio\/en\/wp-json\/wp\/v2\/media?parent=855"}],"curies":[{"name":"wp","href":"https:\/\/api.w.org\/{rel}","templated":true}]}}