{"id":721,"date":"2023-03-03T10:45:12","date_gmt":"2023-03-03T10:45:12","guid":{"rendered":"https:\/\/delamweby.online\/?page_id=721"},"modified":"2025-09-17T13:04:48","modified_gmt":"2025-09-17T12:04:48","slug":"branding-studio","status":"publish","type":"page","link":"https:\/\/nkz.studio\/en\/branding-studio\/","title":{"rendered":"About us"},"content":{"rendered":"<div data-elementor-type=\"wp-page\" data-elementor-id=\"721\" class=\"elementor elementor-721\" data-elementor-post-type=\"page\">\n\t\t\t\t<div class=\"elementor-element elementor-element-62aa302 e-flex e-con-boxed e-con e-parent\" data-id=\"62aa302\" data-element_type=\"container\" data-e-type=\"container\">\n\t\t\t\t\t<div class=\"e-con-inner\">\n\t\t\t\t<div class=\"elementor-element elementor-element-aac0ab3 elementor-widget elementor-widget-heading\" data-id=\"aac0ab3\" data-element_type=\"widget\" data-e-type=\"widget\" data-widget_type=\"heading.default\">\n\t\t\t\t\t<h2 class=\"elementor-heading-title elementor-size-default\">We pride ourselves on strong client relationships. We create brands that help their business grow and last.<\/h2>\t\t\t\t<\/div>\n\t\t\t\t\t<\/div>\n\t\t\t\t<\/div>\n\t\t<div class=\"elementor-element elementor-element-a3c7f2a e-con-full e-flex e-con e-parent\" data-id=\"a3c7f2a\" data-element_type=\"container\" data-e-type=\"container\">\n\t\t\t\t<div class=\"elementor-element elementor-element-5717b4c elementor-widget elementor-widget-image\" data-id=\"5717b4c\" data-element_type=\"widget\" data-e-type=\"widget\" data-widget_type=\"image.default\">\n\t\t\t\t\t\t\t\t\t\t\t\t\t\t\t<img fetchpriority=\"high\" decoding=\"async\" width=\"1920\" height=\"1280\" src=\"https:\/\/nkz.studio\/wp-content\/uploads\/2023\/03\/trippy.jpeg\" class=\"attachment-full size-full wp-image-738\" alt=\"\" srcset=\"https:\/\/nkz.studio\/wp-content\/uploads\/2023\/03\/trippy.jpeg 1920w, https:\/\/nkz.studio\/wp-content\/uploads\/2023\/03\/trippy-300x200.jpeg 300w, https:\/\/nkz.studio\/wp-content\/uploads\/2023\/03\/trippy-1024x683.jpeg 1024w, https:\/\/nkz.studio\/wp-content\/uploads\/2023\/03\/trippy-768x512.jpeg 768w, https:\/\/nkz.studio\/wp-content\/uploads\/2023\/03\/trippy-1536x1024.jpeg 1536w\" sizes=\"(max-width: 1920px) 100vw, 1920px\" title=\"\">\t\t\t\t\t\t\t\t\t\t\t\t\t\t\t<\/div>\n\t\t\t\t<\/div>\n\t\t<div class=\"elementor-element elementor-element-b95feb1 e-flex e-con-boxed e-con e-parent\" data-id=\"b95feb1\" data-element_type=\"container\" data-e-type=\"container\">\n\t\t\t\t\t<div class=\"e-con-inner\">\n\t\t<div class=\"elementor-element elementor-element-9c5ba0f e-con-full e-flex e-con e-child\" data-id=\"9c5ba0f\" data-element_type=\"container\" data-e-type=\"container\">\n\t\t\t\t<div class=\"elementor-element elementor-element-f5a51da elementor-widget elementor-widget-image\" data-id=\"f5a51da\" data-element_type=\"widget\" data-e-type=\"widget\" data-widget_type=\"image.default\">\n\t\t\t\t\t\t\t\t\t\t\t\t\t\t\t<img decoding=\"async\" width=\"1000\" height=\"1000\" src=\"https:\/\/nkz.studio\/wp-content\/uploads\/2023\/10\/ondrej-koziorek.jpg\" class=\"attachment-full size-full wp-image-3526\" alt=\"\" srcset=\"https:\/\/nkz.studio\/wp-content\/uploads\/2023\/10\/ondrej-koziorek.jpg 1000w, https:\/\/nkz.studio\/wp-content\/uploads\/2023\/10\/ondrej-koziorek-300x300.jpg 300w, https:\/\/nkz.studio\/wp-content\/uploads\/2023\/10\/ondrej-koziorek-150x150.jpg 150w, https:\/\/nkz.studio\/wp-content\/uploads\/2023\/10\/ondrej-koziorek-768x768.jpg 768w, https:\/\/nkz.studio\/wp-content\/uploads\/2023\/10\/ondrej-koziorek-12x12.jpg 12w\" sizes=\"(max-width: 1000px) 100vw, 1000px\" title=\"\">\t\t\t\t\t\t\t\t\t\t\t\t\t\t\t<\/div>\n\t\t\t\t<\/div>\n\t\t<div class=\"elementor-element elementor-element-6b3c774 e-con-full e-flex e-con e-child\" data-id=\"6b3c774\" data-element_type=\"container\" data-e-type=\"container\">\n\t\t\t\t<div class=\"elementor-element elementor-element-265182e elementor-widget elementor-widget-text-editor\" data-id=\"265182e\" data-element_type=\"widget\" data-e-type=\"widget\" data-widget_type=\"text-editor.default\">\n\t\t\t\t\t\t\t\t\t<p class=\"p1\">\"<strong>nkz.studio<\/strong> was created to build brands that are visible, differentiated and have real value. Our work doesn't stop at design or web - we help companies find their own face, voice and direction to become brands that people recognise and remember.\"<\/p>\t\t\t\t\t\t\t\t<\/div>\n\t\t\t\t<div class=\"elementor-element elementor-element-398a3ca elementor-widget elementor-widget-heading\" data-id=\"398a3ca\" data-element_type=\"widget\" data-e-type=\"widget\" data-widget_type=\"heading.default\">\n\t\t\t\t\t<p class=\"elementor-heading-title elementor-size-default\">Ond\u0159ej Koziorek \n<\/p>\t\t\t\t<\/div>\n\t\t\t\t<\/div>\n\t\t\t\t\t<\/div>\n\t\t\t\t<\/div>\n\t\t<div class=\"elementor-element elementor-element-4ee3f9d e-flex e-con-boxed e-con e-parent\" data-id=\"4ee3f9d\" data-element_type=\"container\" data-e-type=\"container\">\n\t\t\t\t\t<div class=\"e-con-inner\">\n\t\t<div class=\"elementor-element elementor-element-45c16d54 e-con-full e-flex e-con e-child\" data-id=\"45c16d54\" data-element_type=\"container\" data-e-type=\"container\">\n\t\t<div class=\"elementor-element elementor-element-c68963a e-con-full e-flex elementor-invisible e-con e-child\" data-id=\"c68963a\" data-element_type=\"container\" data-e-type=\"container\" data-settings=\"{&quot;animation&quot;:&quot;fadeInUp&quot;}\">\n\t\t\t\t<div class=\"elementor-element elementor-element-410c5d0f elementor-view-default elementor-widget elementor-widget-icon\" data-id=\"410c5d0f\" data-element_type=\"widget\" data-e-type=\"widget\" data-widget_type=\"icon.default\">\n\t\t\t\t\t\t\t<div class=\"elementor-icon-wrapper\">\n\t\t\t<div class=\"elementor-icon\">\n\t\t\t<svg xmlns=\"http:\/\/www.w3.org\/2000\/svg\" viewbox=\"0 0 309.3 309.3\"><g id=\"Vrstva_2\" data-name=\"Vrstva 2\"><g id=\"Vrstva_1-2\" data-name=\"Vrstva 1\"><path d=\"M154.65,309.3,0,154.66,154.65,0,309.3,154.66Z\"><\/path><\/g><\/g><\/svg>\t\t\t<\/div>\n\t\t<\/div>\n\t\t\t\t\t\t<\/div>\n\t\t\t\t<div class=\"elementor-element elementor-element-7d9e9b6d elementor-cta--valign-middle elementor-cta--skin-classic elementor-animated-content elementor-bg-transform elementor-bg-transform-zoom-in elementor-widget elementor-widget-call-to-action\" data-id=\"7d9e9b6d\" data-element_type=\"widget\" data-e-type=\"widget\" data-widget_type=\"call-to-action.default\">\n\t\t\t\t\t\t\t<a class=\"elementor-cta\" href=\"https:\/\/nkz.studio\/en\/sluzby\/strategie-znacky\/\">\n\t\t\t\t\t\t\t<div class=\"elementor-cta__content\">\n\t\t\t\t\n\t\t\t\t\t\t\t\t\t<h2 class=\"elementor-cta__title elementor-cta__content-item elementor-content-item\">\n\t\t\t\t\t\tBranding\t\t\t\t\t<\/h2>\n\t\t\t\t\n\t\t\t\t\t\t\t\t\t<div class=\"elementor-cta__description elementor-cta__content-item elementor-content-item\">\n\t\t\t\t\t\tA brand is not a logo. It's an identity, a story and an impression that people take away. We can help you build a brand that people remember and prefer.\t\t\t\t\t<\/div>\n\t\t\t\t\n\t\t\t\t\t\t\t<\/div>\n\t\t\t\t\t\t<\/a>\n\t\t\t\t\t\t<\/div>\n\t\t\t\t<\/div>\n\t\t<div class=\"elementor-element elementor-element-2742f5d7 e-con-full e-flex elementor-invisible e-con e-child\" data-id=\"2742f5d7\" data-element_type=\"container\" data-e-type=\"container\" data-settings=\"{&quot;animation&quot;:&quot;fadeInUp&quot;,&quot;animation_delay&quot;:100}\">\n\t\t\t\t<div class=\"elementor-element elementor-element-660eb20c elementor-view-default elementor-widget elementor-widget-icon\" data-id=\"660eb20c\" data-element_type=\"widget\" data-e-type=\"widget\" data-widget_type=\"icon.default\">\n\t\t\t\t\t\t\t<div class=\"elementor-icon-wrapper\">\n\t\t\t<div class=\"elementor-icon\">\n\t\t\t<svg xmlns=\"http:\/\/www.w3.org\/2000\/svg\" viewbox=\"0 0 309.3 309.3\"><g id=\"Vrstva_2\" data-name=\"Vrstva 2\"><g id=\"Vrstva_1-2\" data-name=\"Vrstva 1\"><path d=\"M154.66,0A184.66,184.66,0,0,1,0,154.66,184.64,184.64,0,0,1,154.66,309.3,184.62,184.62,0,0,1,309.3,154.66,184.64,184.64,0,0,1,154.66,0Z\"><\/path><\/g><\/g><\/svg>\t\t\t<\/div>\n\t\t<\/div>\n\t\t\t\t\t\t<\/div>\n\t\t\t\t<div class=\"elementor-element elementor-element-4e10f4c8 elementor-cta--valign-middle elementor-cta--skin-classic elementor-animated-content elementor-bg-transform elementor-bg-transform-zoom-in elementor-widget elementor-widget-call-to-action\" data-id=\"4e10f4c8\" data-element_type=\"widget\" data-e-type=\"widget\" data-widget_type=\"call-to-action.default\">\n\t\t\t\t\t\t\t<a class=\"elementor-cta\" href=\"https:\/\/nkz.studio\/en\/sluzby\/tvorba-webovych-stranek\/\">\n\t\t\t\t\t\t\t<div class=\"elementor-cta__content\">\n\t\t\t\t\n\t\t\t\t\t\t\t\t\t<h2 class=\"elementor-cta__title elementor-cta__content-item elementor-content-item\">\n\t\t\t\t\t\tWeb\t\t\t\t\t<\/h2>\n\t\t\t\t\n\t\t\t\t\t\t\t\t\t<div class=\"elementor-cta__description elementor-cta__content-item elementor-content-item\">\n\t\t\t\t\t\tThe web is not just a showcase, but a key tool for growth. We build functional sites that inform, sell and create a positive experience.\t\t\t\t\t<\/div>\n\t\t\t\t\n\t\t\t\t\t\t\t<\/div>\n\t\t\t\t\t\t<\/a>\n\t\t\t\t\t\t<\/div>\n\t\t\t\t<\/div>\n\t\t<div class=\"elementor-element elementor-element-35fe47ed e-con-full e-flex elementor-invisible e-con e-child\" data-id=\"35fe47ed\" data-element_type=\"container\" data-e-type=\"container\" data-settings=\"{&quot;animation&quot;:&quot;fadeInUp&quot;,&quot;animation_delay&quot;:200}\">\n\t\t\t\t<div class=\"elementor-element elementor-element-39817e2a elementor-view-default elementor-widget elementor-widget-icon\" data-id=\"39817e2a\" data-element_type=\"widget\" data-e-type=\"widget\" data-widget_type=\"icon.default\">\n\t\t\t\t\t\t\t<div class=\"elementor-icon-wrapper\">\n\t\t\t<div class=\"elementor-icon\">\n\t\t\t<svg xmlns=\"http:\/\/www.w3.org\/2000\/svg\" viewbox=\"0 0 309.3 309.3\"><g id=\"Vrstva_2\" data-name=\"Vrstva 2\"><g id=\"Vrstva_1-2\" data-name=\"Vrstva 1\"><path d=\"M154.66,0C69.58,0,0,69.58,0,154.67S69.58,309.3,154.66,309.3,309.3,239.73,309.3,154.67,239.73,0,154.66,0Zm0,56A98.69,98.69,0,1,1,56,154.67,98.27,98.27,0,0,1,154.66,56Z\"><\/path><\/g><\/g><\/svg>\t\t\t<\/div>\n\t\t<\/div>\n\t\t\t\t\t\t<\/div>\n\t\t\t\t<div class=\"elementor-element elementor-element-5c4dc1f elementor-cta--valign-middle elementor-cta--skin-classic elementor-animated-content elementor-bg-transform elementor-bg-transform-zoom-in elementor-widget elementor-widget-call-to-action\" data-id=\"5c4dc1f\" data-element_type=\"widget\" data-e-type=\"widget\" data-widget_type=\"call-to-action.default\">\n\t\t\t\t\t\t\t<a class=\"elementor-cta\" href=\"https:\/\/nkz.studio\/en\/sluzby\/profesionalni-fotografie-a-video\/\">\n\t\t\t\t\t\t\t<div class=\"elementor-cta__content\">\n\t\t\t\t\n\t\t\t\t\t\t\t\t\t<h2 class=\"elementor-cta__title elementor-cta__content-item elementor-content-item\">\n\t\t\t\t\t\tPhoto &amp; video\t\t\t\t\t<\/h2>\n\t\t\t\t\n\t\t\t\t\t\t\t\t\t<div class=\"elementor-cta__description elementor-cta__content-item elementor-content-item\">\n\t\t\t\t\t\tAuthentic photos and videos can do more than a thousand advertising slogans. They build trust, tell stories and differentiate you in the marketplace.\t\t\t\t\t<\/div>\n\t\t\t\t\n\t\t\t\t\t\t\t<\/div>\n\t\t\t\t\t\t<\/a>\n\t\t\t\t\t\t<\/div>\n\t\t\t\t<\/div>\n\t\t<div class=\"elementor-element elementor-element-6e03c983 e-con-full e-flex elementor-invisible e-con e-child\" data-id=\"6e03c983\" data-element_type=\"container\" data-e-type=\"container\" data-settings=\"{&quot;animation&quot;:&quot;fadeInUp&quot;,&quot;animation_delay&quot;:300}\">\n\t\t\t\t<div class=\"elementor-element elementor-element-63ea640e elementor-view-default elementor-widget elementor-widget-icon\" data-id=\"63ea640e\" data-element_type=\"widget\" data-e-type=\"widget\" data-widget_type=\"icon.default\">\n\t\t\t\t\t\t\t<div class=\"elementor-icon-wrapper\">\n\t\t\t<div class=\"elementor-icon\">\n\t\t\t<svg xmlns=\"http:\/\/www.w3.org\/2000\/svg\" viewbox=\"0 0 309.3 309.3\"><g id=\"Vrstva_2\" data-name=\"Vrstva 2\"><g id=\"Vrstva_1-2\" data-name=\"Vrstva 1\"><path d=\"M0,0V154.65L77.33,77.32ZM77.33,77.32v77.33l77.32-77.33L77.33,0Zm77.32,0H309.3L232,0Zm77.32,0-77.32,77.33H309.3Zm77.33,77.33L232,232,309.3,309.3ZM232,232V154.65L154.65,232,232,309.3Zm-77.32,0H0L77.33,309.3Zm-77.32,0,77.32-77.32H0Z\"><\/path><\/g><\/g><\/svg>\t\t\t<\/div>\n\t\t<\/div>\n\t\t\t\t\t\t<\/div>\n\t\t\t\t<div class=\"elementor-element elementor-element-7ca409bc elementor-cta--valign-middle elementor-cta--skin-classic elementor-animated-content elementor-bg-transform elementor-bg-transform-zoom-in elementor-widget elementor-widget-call-to-action\" data-id=\"7ca409bc\" data-element_type=\"widget\" data-e-type=\"widget\" data-widget_type=\"call-to-action.default\">\n\t\t\t\t\t\t\t<div class=\"elementor-cta\">\n\t\t\t\t\t\t\t<div class=\"elementor-cta__content\">\n\t\t\t\t\n\t\t\t\t\t\t\t\t\t<h2 class=\"elementor-cta__title elementor-cta__content-item elementor-content-item\">\n\t\t\t\t\t\tMarketing\t\t\t\t\t<\/h2>\n\t\t\t\t\n\t\t\t\t\t\t\t\t\t<div class=\"elementor-cta__description elementor-cta__content-item elementor-content-item\">\n\t\t\t\t\t\tA good strategy and consistent communication will give you attention, authority and long-term customer relationships.\t\t\t\t\t<\/div>\n\t\t\t\t\n\t\t\t\t\t\t\t<\/div>\n\t\t\t\t\t\t<\/div>\n\t\t\t\t\t\t<\/div>\n\t\t\t\t<\/div>\n\t\t\t\t<\/div>\n\t\t\t\t\t<\/div>\n\t\t\t\t<\/div>\n\t\t<div class=\"elementor-element elementor-element-9919224 e-flex e-con-boxed e-con e-parent\" data-id=\"9919224\" data-element_type=\"container\" data-e-type=\"container\">\n\t\t\t\t\t<div class=\"e-con-inner\">\n\t\t\t\t<div class=\"elementor-element elementor-element-cdae794 elementor-widget elementor-widget-gallery\" data-id=\"cdae794\" data-element_type=\"widget\" data-e-type=\"widget\" data-settings=\"{&quot;columns&quot;:3,&quot;aspect_ratio&quot;:&quot;4:3&quot;,&quot;lazyload&quot;:&quot;yes&quot;,&quot;gallery_layout&quot;:&quot;grid&quot;,&quot;columns_tablet&quot;:2,&quot;columns_mobile&quot;:1,&quot;gap&quot;:{&quot;unit&quot;:&quot;px&quot;,&quot;size&quot;:10,&quot;sizes&quot;:[]},&quot;gap_tablet&quot;:{&quot;unit&quot;:&quot;px&quot;,&quot;size&quot;:10,&quot;sizes&quot;:[]},&quot;gap_mobile&quot;:{&quot;unit&quot;:&quot;px&quot;,&quot;size&quot;:10,&quot;sizes&quot;:[]},&quot;content_hover_animation&quot;:&quot;fade-in&quot;}\" data-widget_type=\"gallery.default\">\n\t\t\t\t\t\t\t<div class=\"elementor-gallery__container\">\n\t\t\t\t\t\t\t<div class=\"e-gallery-item elementor-gallery-item elementor-animated-content\">\n\t\t\t\t\t<div class=\"e-gallery-image elementor-gallery-item__image\" data-thumbnail=\"https:\/\/nkz.studio\/wp-content\/uploads\/2023\/10\/brandingove-studio.jpg\" data-width=\"1500\" data-height=\"1000\" aria-label=\"\" role=\"img\" ><\/div>\n\t\t\t\t\t\t\t\t\t\t\t\t\t\t<\/div>\n\t\t\t\t\t\t\t<div class=\"e-gallery-item elementor-gallery-item elementor-animated-content\">\n\t\t\t\t\t<div class=\"e-gallery-image elementor-gallery-item__image\" data-thumbnail=\"https:\/\/nkz.studio\/wp-content\/uploads\/2023\/10\/weby-na-miru.jpg\" data-width=\"1500\" data-height=\"1000\" aria-label=\"\" role=\"img\" ><\/div>\n\t\t\t\t\t\t\t\t\t\t\t\t\t\t<\/div>\n\t\t\t\t\t\t\t<div class=\"e-gallery-item elementor-gallery-item elementor-animated-content\">\n\t\t\t\t\t<div class=\"e-gallery-image elementor-gallery-item__image\" data-thumbnail=\"https:\/\/nkz.studio\/wp-content\/uploads\/2023\/10\/nkzstudio-tym.jpg\" data-width=\"1500\" data-height=\"1000\" aria-label=\"\" role=\"img\" ><\/div>\n\t\t\t\t\t\t\t\t\t\t\t\t\t\t<\/div>\n\t\t\t\t\t<\/div>\n\t\t\t\t\t<\/div>\n\t\t\t\t\t<\/div>\n\t\t\t\t<\/div>\n\t\t<div class=\"elementor-element elementor-element-c9753bd e-flex e-con-boxed e-con e-parent\" data-id=\"c9753bd\" data-element_type=\"container\" data-e-type=\"container\">\n\t\t\t\t\t<div class=\"e-con-inner\">\n\t\t<div class=\"elementor-element elementor-element-bcef822 e-con-full e-flex e-con e-child\" data-id=\"bcef822\" data-element_type=\"container\" data-e-type=\"container\">\n\t\t\t\t<div class=\"elementor-element elementor-element-514ca47e elementor-widget elementor-widget-heading\" data-id=\"514ca47e\" data-element_type=\"widget\" data-e-type=\"widget\" data-widget_type=\"heading.default\">\n\t\t\t\t\t<h2 class=\"elementor-heading-title elementor-size-default\">Branding studio<\/h2>\t\t\t\t<\/div>\n\t\t\t\t<\/div>\n\t\t<div class=\"elementor-element elementor-element-5a677a5 e-con-full e-flex e-con e-child\" data-id=\"5a677a5\" data-element_type=\"container\" data-e-type=\"container\">\n\t\t\t\t<div class=\"elementor-element elementor-element-dcfbd2c elementor-widget elementor-widget-text-editor\" data-id=\"dcfbd2c\" data-element_type=\"widget\" data-e-type=\"widget\" data-widget_type=\"text-editor.default\">\n\t\t\t\t\t\t\t\t\t<p data-start=\"1370\" data-end=\"1574\">We keep up with trends and technology because the world of brands is changing fast - and we don't want our clients to stay still. That's why we design every solution to work today and stand up tomorrow.<\/p>\t\t\t\t\t\t\t\t<\/div>\n\t\t\t\t<\/div>\n\t\t\t\t\t<\/div>\n\t\t\t\t<\/div>\n\t\t<div class=\"elementor-element elementor-element-4f12ee4 e-flex e-con-boxed e-con e-parent\" data-id=\"4f12ee4\" data-element_type=\"container\" data-e-type=\"container\">\n\t\t\t\t\t<div class=\"e-con-inner\">\n\t\t<div class=\"elementor-element elementor-element-24e17ac e-con-full e-flex e-con e-child\" data-id=\"24e17ac\" data-element_type=\"container\" data-e-type=\"container\">\n\t\t\t\t<div class=\"elementor-element elementor-element-626d8a1 elementor-widget elementor-widget-heading\" data-id=\"626d8a1\" data-element_type=\"widget\" data-e-type=\"widget\" data-widget_type=\"heading.default\">\n\t\t\t\t\t<h2 class=\"elementor-heading-title elementor-size-default\">What can we help with?<\/h2>\t\t\t\t<\/div>\n\t\t\t\t<\/div>\n\t\t<div class=\"elementor-element elementor-element-de56bd3 e-con-full e-flex e-con e-child\" data-id=\"de56bd3\" data-element_type=\"container\" data-e-type=\"container\">\n\t\t\t\t<div class=\"elementor-element elementor-element-78d1037 elementor-widget elementor-widget-text-editor\" data-id=\"78d1037\" data-element_type=\"widget\" data-e-type=\"widget\" data-widget_type=\"text-editor.default\">\n\t\t\t\t\t\t\t\t\t<p>Our mission is to reveal and make visible your uniqueness. Everything we create - from\u00a0<a href=\"https:\/\/nkz.studio\/en\/sluzby\/strategie-znacky\/\"><strong><span style=\"text-decoration: underline;\">brand strategy<\/span><\/strong><\/a> to <a href=\"https:\/\/nkz.studio\/en\/sluzby\/vizualni-identita\/\"><span style=\"text-decoration: underline;\"><strong>graphic design<\/strong><\/span><\/a> to the content - it's carefully designed to set you apart from the competition. We can help you not only establish your own position in the digital world, but also gain the trust and attention of your customers. With us, your brand becomes unmistakable and inspiring.<\/p>\t\t\t\t\t\t\t\t<\/div>\n\t\t\t\t<\/div>\n\t\t\t\t\t<\/div>\n\t\t\t\t<\/div>\n\t\t<div class=\"elementor-element elementor-element-9436853 e-flex e-con-boxed e-con e-parent\" data-id=\"9436853\" data-element_type=\"container\" data-e-type=\"container\">\n\t\t\t\t\t<div class=\"e-con-inner\">\n\t\t<div class=\"elementor-element elementor-element-d1d0f9f e-con-full e-flex e-con e-child\" data-id=\"d1d0f9f\" data-element_type=\"container\" data-e-type=\"container\">\n\t\t\t\t<div class=\"elementor-element elementor-element-a9e697d elementor-widget elementor-widget-heading\" data-id=\"a9e697d\" data-element_type=\"widget\" data-e-type=\"widget\" data-widget_type=\"heading.default\">\n\t\t\t\t\t<h2 class=\"elementor-heading-title elementor-size-default\">Why choose us?<\/h2>\t\t\t\t<\/div>\n\t\t\t\t<\/div>\n\t\t<div class=\"elementor-element elementor-element-9270b7d e-con-full e-flex e-con e-child\" data-id=\"9270b7d\" data-element_type=\"container\" data-e-type=\"container\">\n\t\t\t\t<div class=\"elementor-element elementor-element-d80c7fc elementor-widget elementor-widget-text-editor\" data-id=\"d80c7fc\" data-element_type=\"widget\" data-e-type=\"widget\" data-widget_type=\"text-editor.default\">\n\t\t\t\t\t\t\t\t\t<p>Because we understand that every brand has a story - and we can tell it. We combine strategy, creativity and modern technology to create\u00a0<strong>an unforgettable experience<\/strong>\u00a0for your customers. We believe that every detail plays a role, which is why we focus on\u00a0<strong>quality<\/strong>\u00a0in every step of the cooperation.\u00a0<\/p><p>Whether you're building your brand from scratch or you want to\u00a0<strong>take it to the next level<\/strong>, we're here to help you do that\u00a0<strong>in the right way<\/strong>.<\/p>\t\t\t\t\t\t\t\t<\/div>\n\t\t\t\t<\/div>\n\t\t\t\t\t<\/div>\n\t\t\t\t<\/div>\n\t\t\t\t<\/div>","protected":false},"excerpt":{"rendered":"<p>Zakl\u00e1d\u00e1me si na\u00a0siln\u00e9m vztahu s\u00a0klienty. Vytv\u00e1\u0159\u00edme zna\u010dky, kter\u00e9 pom\u00e1haj\u00ed jejich byznysu r\u016fst a\u00a0dlouhodob\u011b obst\u00e1t. \u201enkz.studio vzniklo s c\u00edlem stav\u011bt zna\u010dky, kter\u00e9 jsou viditeln\u00e9, odli\u0161iteln\u00e9 a maj\u00ed skute\u010dnou hodnotu. Na\u0161e pr\u00e1ce nekon\u010d\u00ed u designu nebo webu \u2013 pom\u00e1h\u00e1me firm\u00e1m naj\u00edt vlastn\u00ed tv\u00e1\u0159, hlas i sm\u011br, aby se z nich staly zna\u010dky, kter\u00e9 lid\u00e9 poznaj\u00ed a zapamatuj\u00ed [&hellip;]<\/p>\n","protected":false},"author":1,"featured_media":0,"parent":0,"menu_order":0,"comment_status":"closed","ping_status":"closed","template":"elementor_header_footer","meta":{"iawp_total_views":1212,"footnotes":""},"class_list":["post-721","page","type-page","status-publish","hentry"],"_links":{"self":[{"href":"https:\/\/nkz.studio\/en\/wp-json\/wp\/v2\/pages\/721","targetHints":{"allow":["GET"]}}],"collection":[{"href":"https:\/\/nkz.studio\/en\/wp-json\/wp\/v2\/pages"}],"about":[{"href":"https:\/\/nkz.studio\/en\/wp-json\/wp\/v2\/types\/page"}],"author":[{"embeddable":true,"href":"https:\/\/nkz.studio\/en\/wp-json\/wp\/v2\/users\/1"}],"replies":[{"embeddable":true,"href":"https:\/\/nkz.studio\/en\/wp-json\/wp\/v2\/comments?post=721"}],"version-history":[{"count":10,"href":"https:\/\/nkz.studio\/en\/wp-json\/wp\/v2\/pages\/721\/revisions"}],"predecessor-version":[{"id":6653,"href":"https:\/\/nkz.studio\/en\/wp-json\/wp\/v2\/pages\/721\/revisions\/6653"}],"wp:attachment":[{"href":"https:\/\/nkz.studio\/en\/wp-json\/wp\/v2\/media?parent=721"}],"curies":[{"name":"wp","href":"https:\/\/api.w.org\/{rel}","templated":true}]}}