{"id":5978,"date":"2024-11-12T11:22:44","date_gmt":"2024-11-12T09:22:44","guid":{"rendered":"https:\/\/nkz.studio\/?page_id=5978"},"modified":"2025-01-14T07:53:26","modified_gmt":"2025-01-14T06:53:26","slug":"zasady-ochrany-osobnich-udaju","status":"publish","type":"page","link":"https:\/\/nkz.studio\/en\/zasady-ochrany-osobnich-udaju\/","title":{"rendered":"GDPR data protection"},"content":{"rendered":"<div data-elementor-type=\"wp-page\" data-elementor-id=\"5978\" class=\"elementor elementor-5978\" data-elementor-post-type=\"page\">\n\t\t\t\t<div class=\"elementor-element elementor-element-46a691f e-flex e-con-boxed e-con e-parent\" data-id=\"46a691f\" data-element_type=\"container\" data-e-type=\"container\">\n\t\t\t\t\t<div class=\"e-con-inner\">\n\t\t\t\t<div class=\"elementor-element elementor-element-dd4e48c elementor-widget elementor-widget-heading\" data-id=\"dd4e48c\" data-element_type=\"widget\" data-e-type=\"widget\" data-widget_type=\"heading.default\">\n\t\t\t\t\t<h1 class=\"elementor-heading-title elementor-size-default\">GDPR data protection<\/h1>\t\t\t\t<\/div>\n\t\t\t\t\t<\/div>\n\t\t\t\t<\/div>\n\t\t<div class=\"elementor-element elementor-element-46a2663 e-con-full e-flex e-con e-parent\" data-id=\"46a2663\" data-element_type=\"container\" data-e-type=\"container\">\n\t\t\t\t<div class=\"elementor-element elementor-element-5666d72 elementor-widget elementor-widget-image\" data-id=\"5666d72\" data-element_type=\"widget\" data-e-type=\"widget\" data-widget_type=\"image.default\">\n\t\t\t\t\t\t\t\t\t\t\t\t\t\t\t<img fetchpriority=\"high\" decoding=\"async\" width=\"1920\" height=\"1280\" src=\"https:\/\/nkz.studio\/wp-content\/uploads\/2024\/11\/GDPR.jpg\" class=\"attachment-full size-full wp-image-5987\" alt=\"\" srcset=\"https:\/\/nkz.studio\/wp-content\/uploads\/2024\/11\/GDPR.jpg 1920w, https:\/\/nkz.studio\/wp-content\/uploads\/2024\/11\/GDPR-300x200.jpg 300w, https:\/\/nkz.studio\/wp-content\/uploads\/2024\/11\/GDPR-1024x683.jpg 1024w, https:\/\/nkz.studio\/wp-content\/uploads\/2024\/11\/GDPR-768x512.jpg 768w, https:\/\/nkz.studio\/wp-content\/uploads\/2024\/11\/GDPR-1536x1024.jpg 1536w, https:\/\/nkz.studio\/wp-content\/uploads\/2024\/11\/GDPR-18x12.jpg 18w\" sizes=\"(max-width: 1920px) 100vw, 1920px\" title=\"\">\t\t\t\t\t\t\t\t\t\t\t\t\t\t\t<\/div>\n\t\t\t\t<\/div>\n\t\t<div class=\"elementor-element elementor-element-709bcda e-flex e-con-boxed e-con e-parent\" data-id=\"709bcda\" data-element_type=\"container\" data-e-type=\"container\">\n\t\t\t\t\t<div class=\"e-con-inner\">\n\t\t<div class=\"elementor-element elementor-element-ae02505 e-con-full e-flex e-con e-child\" data-id=\"ae02505\" data-element_type=\"container\" data-e-type=\"container\">\n\t\t\t\t<div class=\"elementor-element elementor-element-7732c95 elementor-widget elementor-widget-spacer\" data-id=\"7732c95\" data-element_type=\"widget\" data-e-type=\"widget\" data-widget_type=\"spacer.default\">\n\t\t\t\t\t\t\t<div class=\"elementor-spacer\">\n\t\t\t<div class=\"elementor-spacer-inner\"><\/div>\n\t\t<\/div>\n\t\t\t\t\t\t<\/div>\n\t\t\t\t<\/div>\n\t\t<div class=\"elementor-element elementor-element-21b801f e-con-full e-flex e-con e-child\" data-id=\"21b801f\" data-element_type=\"container\" data-e-type=\"container\">\n\t\t\t\t<div class=\"elementor-element elementor-element-89ba17b elementor-widget elementor-widget-text-editor\" data-id=\"89ba17b\" data-element_type=\"widget\" data-e-type=\"widget\" data-widget_type=\"text-editor.default\">\n\t\t\t\t\t\t\t\t\t<h2 id=\"jsmebrandingstudioanbspspolenostnkzsro\">We are branding studio and company NKZ s.r.o.<\/h2><p>The company NKZ s.r.o., with registered office at Kurzova 2222\/16, Stod\u016flky (Prague 13), 155 00 Prague, registered at the Municipal Court in Prague, file number C 390455, registration number 19707550, VAT CZ19707550.<\/p><p>We run our products and services on the website\u00a0<span style=\"text-decoration: underline;\"><strong><a href=\"https:\/\/nkz.studio\/en\/\">www.nkz.studio<\/a><\/strong><\/span>\u00a0a\u00a0<span style=\"text-decoration: underline;\"><strong><a href=\"http:\/\/www.nkzstudio.cz\/\" target=\"_blank\" rel=\"noopener\">www.nkzstudio.cz<\/a><\/strong><\/span>.<\/p><p>To provide our services and operate our website, we process certain personal data.<\/p><p>The processing of personal data is governed in particular by\u00a0<strong>Regulation (EU) 2016\/679 of the European Parliament and of the Council<\/strong>\u00a0of 27 April 2016 on the protection of natural persons with regard to the processing of personal data and on the free movement of such data and repealing Directive 95\/46\/EC (General Data Protection Regulation) (\"<strong>GDPR<\/strong>\").<\/p><h2 id=\"naekontaktndaje\">Our contact details:<\/h2><ul><li><strong>E-mail<\/strong>:\u00a0<a href=\"mailto:ahoj@nkz.studio\">ahoj@nkz.studio<\/a><\/li><li><strong>Telephone number<\/strong>: +420\u00a0703\u00a0986\u00a0597<\/li><\/ul><h2 id=\"zpracovnosobnchdajvnbspppadpouitkontaktnhoformulenebopoptvkyemailem\">Processing of personal data in case of using the contact form or inquiry by e-mail<\/h2><p>If you enquire about our products or services, we will work with your contact details that you provide to us by email or via the enquiry form. This includes the following information:\u00a0<strong>name, surname, phone, company, email address, your requirements or questions<\/strong>\u00a0and any other information you send us.<\/p><p><strong>For what reason?<\/strong><br \/>We will contact you to further discuss products or services.<\/p><p><strong>On what legal basis?<\/strong><br \/>This is processing on the basis of Article 6(1)(b) GDPR - contract negotiation or pre-contractual measures at your request.<\/p><p><strong>How long will we process personal data?<\/strong><br \/>If we do not establish further cooperation, we will process your data for no longer than\u00a0<strong>5 years<\/strong>\u00a0since our last communication.<\/p><h2 id=\"zpracovnosobnchdajvnbspppadzakoupensluebneboprodukt\">Processing of personal data in case of purchase of services or products<\/h2><p>If you purchase a service or product from us, we will work with the information you provide to us. This mainly includes\u00a0<strong>billing data<\/strong>: name, surname, address, company, email, phone number, product, service or information about you that you provide to us.<\/p><p><strong>For what reason?<\/strong><br \/>We need personal data to fulfil a contract - to deliver our services or products. We will use your contact details to communicate with you about the status of your order or your enquiries.<\/p><p>We also process personal data to comply with legal obligations (in particular for accounting and tax purposes, or to handle complaints).<\/p><p><strong>On what legal basis do we process personal data?<\/strong><br \/>Based on Article 6(1)(b) GDPR - performance of the contract and Article 6(1)(c) GDPR - performance of legal obligations.<\/p><p><strong>How long will we process personal data?<\/strong><br \/>During the period of service and thereafter\u00a0<strong>10 years<\/strong>\u00a0since the last time the service was provided or the goods were delivered.<\/p><h2 id=\"newsletteryobchodnimarketingovsdlen\">Newsletters (business or marketing communications)<\/h2><p>If you have subscribed to our newsletter, ordered a service or product, or are one of our clients and have not opted out, we will use your email address to send you our newsletter.<\/p><p><strong>On what legal basis?<\/strong><br \/>This processing is permitted by \u00a7 7 (3) of Act No. 480\/2004 Coll., on certain information society services, unless you have prohibited us from doing so at the time of purchase.<\/p><p><strong>How long will we process personal data?<\/strong><br \/><strong>5 years<\/strong> since your last inquiry. You can unsubscribe at any time via email or contact us at ahoj@nkz.studio<\/p><h2 id=\"kdosenbspknbspdatmdostane\">Who will get access to the data?<\/h2><p>Your personal data is stored securely and only accessed by selected partners who help us operate and maintain our services or provide legal or accounting support where necessary. These partners include:<\/p><ul><li><strong>Company involved in payment processing<\/strong><\/li><li><strong>MailChimp, Substack<\/strong> - we use to send marketing communications. Both MailChimp and Substack are operated outside the EU. For more information on data protection, please see <span style=\"text-decoration: underline;\"><a href=\"https:\/\/mailchimp.com\/legal\/privacy\/\" target=\"_blank\" rel=\"noopener\">here<\/a><\/span>\u00a0or <a href=\"https:\/\/substack.com\/privacy\" target=\"_blank\" rel=\"noopener\">here<\/a>.<\/li><li><strong>Accounting firm Nastejnelodi.cz, s.r.o.<\/strong>\u00a0- provides accounting services for bookkeeping if you are an individual entrepreneur.<\/li><li><strong>Website Operator<\/strong>\u00a0- NKZ s.r.o. (nkz.studio, Kurzova 2222\/16, Stodulky, Prague)<\/li><li><strong>Legal and mediation offices and debt recovery firm<\/strong>\u00a0- if necessary, we may disclose your data to solicitors for legal representation or debt recovery purposes.<\/li><li><strong>Hosting Provider: ACTIVE 24, s.r.o., Sokolovsk\u00e1 394\/17, Prague 8<\/strong><\/li><\/ul><p>If necessary, data may be provided to other software, application and service providers, but always with due regard to the security and protection of your data.<\/p><p><strong>We process personal data within the European Union, except for the US tools that are part of the Data Privacy Framework program.<\/strong><\/p><h2 id=\"cobystedlmlivdt\">What else you should know<\/h2><ul><li>In our company\u00a0<strong>we do not have a data protection officer<\/strong>.<\/li><li>There has not been nor is there\u00a0<strong>automated processing or profiling<\/strong>.<\/li><\/ul><p>For questions about personal data, please contact us at\u00a0<strong>ahoj@nkz.studio<\/strong>\u00a0or by phone no.\u00a0<strong>+420\u00a0703\u00a0986\u00a0597<\/strong>.<\/p><h2 id=\"vaeprvavnbspsouvislostisenbspzpracovnmosobnchdaj\">Your rights in relation to the processing of personal data<\/h2><p>The GDPR gives you the right to, among other things:<\/p><ul><li><strong>contact us<\/strong>\u00a0and ask for information about what personal data we process,<\/li><li><strong>request access<\/strong>\u00a0access this data and have it updated or corrected,<\/li><li>Request\u00a0<strong>processing restrictions<\/strong>,<\/li><li>Request\u00a0<strong>a copy of the personal data processed<\/strong>,<\/li><li>in certain cases\u00a0<strong>request the deletion of personal data<\/strong>\u00a0a\u00a0<strong>their portability<\/strong>,<\/li><li>raise\u00a0<strong>objection to processing<\/strong>\u00a0on the basis of a legitimate interest.<\/li><\/ul><p>If you suspect improper handling of data, you have the right to file a complaint with\u00a0<a href=\"https:\/\/uoou.gov.cz\/\" target=\"_blank\" rel=\"noopener\"><span style=\"text-decoration: underline;\"><strong>Office for Personal Data Protection<\/strong><\/span><\/a>\u00a0or go to court.<\/p><p><strong>These conditions are effective from 1 November 2024.<\/strong><\/p>\t\t\t\t\t\t\t\t<\/div>\n\t\t\t\t<\/div>\n\t\t\t\t\t<\/div>\n\t\t\t\t<\/div>\n\t\t\t\t<\/div>","protected":false},"excerpt":{"rendered":"<p>Jsme branding studio a\u00a0spole\u010dnost NKZ s.r.o. Spole\u010dnost NKZ s.r.o., se\u00a0s\u00eddlem Kurzova 2222\/16, Stod\u016flky (Praha 13), 155\u00a000 Praha, vedena u\u00a0M\u011bstsk\u00e9ho soudu v\u00a0Praze, spisov\u00e1 zna\u010dka C 390455, I\u010cO 19707550, DI\u010c CZ19707550. Provozujeme na\u0161e produkty a\u00a0slu\u017eby na\u00a0webov\u00fdch str\u00e1nk\u00e1ch\u00a0www.nkz.studio\u00a0a\u00a0www.nkzstudio.cz. Pro poskytov\u00e1n\u00ed na\u0161ich slu\u017eeb a\u00a0provoz na\u0161ich webov\u00fdch str\u00e1nek zpracov\u00e1v\u00e1me n\u011bkter\u00e9 osobn\u00ed \u00fadaje. Zpracov\u00e1n\u00ed osobn\u00edch \u00fadaj\u016f upravuje zejm\u00e9na\u00a0Na\u0159\u00edzen\u00ed Evropsk\u00e9ho parlamentu a\u00a0Rady [&hellip;]<\/p>\n","protected":false},"author":1,"featured_media":5987,"parent":0,"menu_order":0,"comment_status":"closed","ping_status":"closed","template":"","meta":{"iawp_total_views":37,"footnotes":""},"class_list":["post-5978","page","type-page","status-publish","has-post-thumbnail","hentry"],"_links":{"self":[{"href":"https:\/\/nkz.studio\/en\/wp-json\/wp\/v2\/pages\/5978","targetHints":{"allow":["GET"]}}],"collection":[{"href":"https:\/\/nkz.studio\/en\/wp-json\/wp\/v2\/pages"}],"about":[{"href":"https:\/\/nkz.studio\/en\/wp-json\/wp\/v2\/types\/page"}],"author":[{"embeddable":true,"href":"https:\/\/nkz.studio\/en\/wp-json\/wp\/v2\/users\/1"}],"replies":[{"embeddable":true,"href":"https:\/\/nkz.studio\/en\/wp-json\/wp\/v2\/comments?post=5978"}],"version-history":[{"count":23,"href":"https:\/\/nkz.studio\/en\/wp-json\/wp\/v2\/pages\/5978\/revisions"}],"predecessor-version":[{"id":6349,"href":"https:\/\/nkz.studio\/en\/wp-json\/wp\/v2\/pages\/5978\/revisions\/6349"}],"wp:featuredmedia":[{"embeddable":true,"href":"https:\/\/nkz.studio\/en\/wp-json\/wp\/v2\/media\/5987"}],"wp:attachment":[{"href":"https:\/\/nkz.studio\/en\/wp-json\/wp\/v2\/media?parent=5978"}],"curies":[{"name":"wp","href":"https:\/\/api.w.org\/{rel}","templated":true}]}}